{"id":1357,"date":"2026-04-21T14:58:36","date_gmt":"2026-04-21T14:58:36","guid":{"rendered":"https:\/\/luminous-brush.com\/?page_id=1357"},"modified":"2026-04-21T20:29:02","modified_gmt":"2026-04-21T20:29:02","slug":"contacte-con-nosotros","status":"publish","type":"page","link":"https:\/\/luminous-brush.com\/?page_id=1357","title":{"rendered":"Contacte con nosotros"},"content":{"rendered":"<p>Este sitio web es propiedad de Luminous Brush S.L. Nos esforzamos por ofrecer informaci\u00f3n relevante y \u00fatil a nuestros usuarios<\/p>\n<p>Nombre de la empresa: Luminous Brush S.L.<br \/>\nDomicilio social: Avenida Monasterio de Silos 23, 28049 Madrid, Espa\u00f1a<br \/>\nCorreo electr\u00f3nico: <a href=\"mailto:info@luminous-brush.com\">info@luminous-brush.com<\/a><br \/>\nTel\u00e9fono: <a href=\"tel:+34917308784\">+34917308784<\/a><br \/>\nDirector gerente: Daniela Cabrera<br \/>\nN\u00famero de registro: B81448599<br \/>\nNombre de la autoridad de registro: Bartolom\u00e9 &#038; Llamas Abogados<br \/>\nDirecci\u00f3n de la autoridad de registro: C. de Nuria, 36, Fuencarral-El Pardo, 28034 Madrid, Espa\u00f1a<\/p>\n<p><b>Responsabilidad del contenido:<\/b><br \/>\nNo somos responsables del contenido de los enlaces a sitios web de terceros que puedan estar disponibles en nuestro sitio web. Toda la responsabilidad por el contenido de dichos enlaces recae en sus respectivos propietarios. No nos hacemos responsables de ning\u00fan da\u00f1o, directo o indirecto, derivado del uso de la informaci\u00f3n proporcionada en nuestro sitio.<\/p>\n<p><b>Derechos de autor:<\/b><br \/>\nTodo el material de nuestro sitio web, incluidos textos, im\u00e1genes, gr\u00e1ficos, dise\u00f1o y software, est\u00e1 protegido por derechos de autor. Queda prohibido su uso o distribuci\u00f3n sin el permiso del titular de los derechos de autor.<\/p>\n<p><b>Informaci\u00f3n de contacto:<\/b><br \/>\nSi tiene alguna pregunta o comentario sobre nuestro sitio web o nuestra empresa, p\u00f3ngase en contacto con nosotros a trav\u00e9s de la informaci\u00f3n de contacto indicada anteriormente.<\/p>\n<p><b>Pol\u00edtica de privacidad:<\/b><br \/>\nRespetamos su privacidad y protegemos su informaci\u00f3n personal. Consulte nuestra pol\u00edtica de privacidad para obtener m\u00e1s informaci\u00f3n.<\/p>\n","protected":false},"excerpt":{"rendered":"<p>Este sitio web es propiedad de Luminous Brush S.L. Nos esforzamos por ofrecer informaci\u00f3n relevante y \u00fatil a nuestros usuarios Nombre de la empresa: Luminous Brush S.L. Domicilio social: Avenida&hellip;<\/p>\n","protected":false},"author":1,"featured_media":0,"parent":0,"menu_order":0,"comment_status":"closed","ping_status":"closed","template":"","meta":{"footnotes":""},"class_list":["post-1357","page","type-page","status-publish","hentry"],"_links":{"self":[{"href":"https:\/\/luminous-brush.com\/index.php?rest_route=\/wp\/v2\/pages\/1357","targetHints":{"allow":["GET"]}}],"collection":[{"href":"https:\/\/luminous-brush.com\/index.php?rest_route=\/wp\/v2\/pages"}],"about":[{"href":"https:\/\/luminous-brush.com\/index.php?rest_route=\/wp\/v2\/types\/page"}],"author":[{"embeddable":true,"href":"https:\/\/luminous-brush.com\/index.php?rest_route=\/wp\/v2\/users\/1"}],"replies":[{"embeddable":true,"href":"https:\/\/luminous-brush.com\/index.php?rest_route=%2Fwp%2Fv2%2Fcomments&post=1357"}],"version-history":[{"count":2,"href":"https:\/\/luminous-brush.com\/index.php?rest_route=\/wp\/v2\/pages\/1357\/revisions"}],"predecessor-version":[{"id":1380,"href":"https:\/\/luminous-brush.com\/index.php?rest_route=\/wp\/v2\/pages\/1357\/revisions\/1380"}],"wp:attachment":[{"href":"https:\/\/luminous-brush.com\/index.php?rest_route=%2Fwp%2Fv2%2Fmedia&parent=1357"}],"curies":[{"name":"wp","href":"https:\/\/api.w.org\/{rel}","templated":true}]}}